{"id":9,"date":"2021-04-18T12:31:18","date_gmt":"2021-04-18T09:31:18","guid":{"rendered":"http:\/\/semaonkul.com\/tr\/?page_id=9"},"modified":"2021-09-13T21:21:45","modified_gmt":"2021-09-13T18:21:45","slug":"ana-sayfa","status":"publish","type":"page","link":"https:\/\/semaonkul.com\/tr\/","title":{"rendered":"Ana Sayfa"},"content":{"rendered":"<p>[vc_row][vc_column][vc_empty_space height=&#8221;20px&#8221;][vc_custom_heading text=&#8221;<strong>UZMANLIKLAR<\/strong>&#8221; font_container=&#8221;tag:h2|text_align:center|color:%23151d29&#8243; use_theme_fonts=&#8221;yes&#8221;][\/vc_column][\/vc_row][vc_row wrap_container=&#8221;yes&#8221; remove_padding_bottom=&#8221;yes&#8221; bg_type=&#8221;bg_color&#8221; bg_color_value=&#8221;#ffffff&#8221; css=&#8221;.vc_custom_1544787113164{background-color: #ffffff !important;}&#8221;][vc_column][vc_row_inner][vc_column_inner width=&#8221;1\/2&#8243;][vc_hoverbox image=&#8221;125&#8243; primary_title=&#8221;Sa\u00e7 Ekimi&#8221; primary_title_font_container=&#8221;color:%23ffffff&#8221; primary_title_use_theme_fonts=&#8221;yes&#8221; hover_title=&#8221;&#8221; hover_background_color=&#8221;custom&#8221; hover_btn_title=&#8221;Devam\u0131&#8230;&#8221; hover_btn_style=&#8221;modern&#8221; hover_btn_color=&#8221;warning&#8221; hover_btn_size=&#8221;lg&#8221; hover_btn_skin=&#8221;light&#8221; use_custom_fonts_primary_title=&#8221;true&#8221; hover_add_button=&#8221;true&#8221; hover_btn_link=&#8221;url:http%3A%2F%2Fsemaonkul.com%2Ftr%2Fuzmanliklar%2Fsac-ekimi%2F|title:Sa%C3%A7%20Ekimi&#8221; primary_title_link=&#8221;url:http%3A%2F%2Fsemaonkul.com%2Ftr%2Fuzmanliklar%2Fsac-ekimi%2F|title:Sa%C3%A7%20Ekimi&#8221; hover_custom_background=&#8221;#ffa603&#8243;]Sa\u00e7 ekim tedavisi s\u0131ras\u0131nda temel ama\u00e7 hastan\u0131n sa\u00e7 ekildi\u011finin belli olmayaca\u011f\u0131 bir do\u011fall\u0131kta kal\u0131c\u0131 sa\u00e7 g\u00f6r\u00fcn\u00fcm\u00fc sa\u011flayacak bir operasyon ger\u00e7ekle\u015ftirmektir.\u00a0 Bu i\u015flem \u00e7ok basit bir cerrahi prosed\u00fcrd\u00fcr. \u0130\u015flem sonunda hastan\u0131n sa\u00e7lar\u0131 hi\u00e7 d\u00f6k\u00fclmemi\u015f gibi kal\u0131c\u0131 olarak sa\u00e7 kazand\u0131r\u0131labilir.<\/p>\n<p>[\/vc_hoverbox][vc_empty_space height=&#8221;10px&#8221;][\/vc_column_inner][vc_column_inner width=&#8221;1\/2&#8243;][vc_hoverbox image=&#8221;123&#8243; primary_title=&#8221;Sakal Ekimi&#8221; primary_title_font_container=&#8221;color:%23ffffff&#8221; primary_title_use_theme_fonts=&#8221;yes&#8221; hover_title=&#8221;&#8221; hover_background_color=&#8221;custom&#8221; hover_btn_title=&#8221;Devam\u0131&#8230;&#8221; hover_btn_style=&#8221;modern&#8221; hover_btn_color=&#8221;white&#8221; hover_btn_size=&#8221;lg&#8221; hover_btn_skin=&#8221;light&#8221; use_custom_fonts_primary_title=&#8221;true&#8221; hover_add_button=&#8221;true&#8221; hover_btn_link=&#8221;url:http%3A%2F%2Fsemaonkul.com%2Ftr%2Fuzmanliklar%2Fsakal-ekimi%2F|title:Sakal%20Ekimi&#8221; primary_title_link=&#8221;url:http%3A%2F%2Fsemaonkul.com%2Ftr%2Fuzmanliklar%2Fsakal-ekimi%2F|title:Sakal%20Ekimi&#8221; hover_custom_background=&#8221;#ffa603&#8243;]Sakal ekimi, erkeklerde y\u00fczde bulunan sakals\u0131z b\u00f6lgelere don\u00f6r olarak se\u00e7ilen b\u00f6lgeden al\u0131nan k\u0131l k\u00f6klerinin ekilmesine y\u00f6nelik uygulanan i\u015flemdir.\u00a0 Bu operasyon s\u0131ras\u0131nda genellikle sa\u00e7 b\u00f6lgesinin arkas\u0131ndan k\u0131l k\u00f6kleri al\u0131nmaktad\u0131r.<\/p>\n<p>[\/vc_hoverbox][vc_empty_space height=&#8221;10px&#8221;][\/vc_column_inner][\/vc_row_inner][vc_row_inner][vc_column_inner width=&#8221;1\/2&#8243;][vc_hoverbox image=&#8221;121&#8243; primary_title=&#8221;Ka\u015f Ekimi&#8221; primary_title_font_container=&#8221;color:%23ffffff&#8221; primary_title_use_theme_fonts=&#8221;yes&#8221; hover_title=&#8221;&#8221; hover_background_color=&#8221;custom&#8221; hover_btn_title=&#8221;Detayl\u0131 Bilgi Al\u0131n!&#8221; hover_btn_style=&#8221;modern&#8221; hover_btn_color=&#8221;warning&#8221; hover_btn_size=&#8221;lg&#8221; hover_btn_skin=&#8221;light&#8221; use_custom_fonts_primary_title=&#8221;true&#8221; hover_add_button=&#8221;true&#8221; hover_btn_link=&#8221;url:http%3A%2F%2Fsemaonkul.com%2Ftr%2Fuzmanliklar%2Fkas-ekimi%2F|title:Ka%C5%9F%20Ekimi&#8221; primary_title_link=&#8221;url:http%3A%2F%2Fsemaonkul.com%2Ftr%2Fuzmanliklar%2Fkas-ekimi%2F|title:Ka%C5%9F%20Ekimi&#8221; hover_custom_background=&#8221;#ffa603&#8243;]Ka\u015f ekimi, \u00e7e\u015fitli nedenlerle ka\u015f b\u00f6lgesinde d\u00f6k\u00fclme ya\u015fayan ya da ka\u015fs\u0131z kalan hastalarda v\u00fccudun farkl\u0131 b\u00f6lgelerinden al\u0131nan k\u0131l k\u00f6klerinin ka\u015f b\u00f6lgesine ekilmesi s\u00fcrecidir. Ka\u015f ekimlerinde de genellikle don\u00f6r b\u00f6lge olarak ense b\u00f6lgesi se\u00e7ilir.<\/p>\n<p>[\/vc_hoverbox][vc_empty_space height=&#8221;10px&#8221;][\/vc_column_inner][vc_column_inner width=&#8221;1\/2&#8243;][vc_hoverbox image=&#8221;127&#8243; primary_title=&#8221;B\u0131y\u0131k Ekimi&#8221; primary_title_font_container=&#8221;color:%23ffffff&#8221; primary_title_use_theme_fonts=&#8221;yes&#8221; hover_title=&#8221;&#8221; hover_background_color=&#8221;custom&#8221; hover_btn_title=&#8221;Devam\u0131&#8230;&#8221; hover_btn_style=&#8221;modern&#8221; hover_btn_color=&#8221;warning&#8221; hover_btn_size=&#8221;lg&#8221; hover_btn_skin=&#8221;light&#8221; use_custom_fonts_primary_title=&#8221;true&#8221; hover_add_button=&#8221;true&#8221; hover_btn_link=&#8221;url:http%3A%2F%2Fsemaonkul.com%2Ftr%2Fuzmanliklar%2Fbiyik-ekimi%2F|title:B%C4%B1y%C4%B1k%20Ekimi&#8221; primary_title_link=&#8221;url:http%3A%2F%2Fsemaonkul.com%2Ftr%2Fuzmanliklar%2Fbiyik-ekimi%2F|title:B%C4%B1y%C4%B1k%20Ekimi&#8221; hover_custom_background=&#8221;#ffa603&#8243;]B\u0131y\u0131k ekimi, erkeklerde duda\u011f\u0131n \u00fcst b\u00f6l\u00fcm\u00fcnde k\u0131l \u00e7\u0131kmad\u0131\u011f\u0131nda, seyrek b\u00f6lgeler oldu\u011funda ve k\u0131l kay\u0131plar\u0131 ya\u015fand\u0131\u011f\u0131nda uygulanan i\u015flemdir.\u00a0 \u00dcst duda\u011f\u0131nda b\u0131y\u0131k k\u0131llar\u0131 \u00e7\u0131kmayan ki\u015filerde b\u00f6lgeye sa\u00e7 k\u00f6klerinden al\u0131nan k\u0131llar ekilmektedir.\u00a0 Bu i\u015flem s\u0131ras\u0131nda don\u00f6r b\u00f6lge olarak genellikle ense se\u00e7ilmektedir.<\/p>\n<p>[\/vc_hoverbox][vc_empty_space height=&#8221;10px&#8221;][\/vc_column_inner][\/vc_row_inner][\/vc_column][\/vc_row][vc_row wrap_container=&#8221;yes&#8221;][vc_column][vc_empty_space height=&#8221;20px&#8221;][vc_custom_heading text=&#8221;<strong>SIK\u00c7A SORULAN SORULAR<\/strong>&#8221; font_container=&#8221;tag:h2|text_align:center|color:%23151d29&#8243; use_theme_fonts=&#8221;yes&#8221;][vc_accordion active_tab=&#8221;1&#8243; type=&#8221;panel-modern&#8221;][vc_accordion_tab title=&#8221;Operasyon kim taraf\u0131ndan ger\u00e7ekle\u015ftirilir?&#8221;][vc_column_text]Operasyonlar 1 plastik cerrah e\u015fli\u011finde konusunda en az 10-12 y\u0131ll\u0131k tecr\u00fcbesi olan konusunda uzman 4-5 ki\u015filik bir ekip taraf\u0131ndan ger\u00e7ekle\u015ftirilir.[\/vc_column_text][\/vc_accordion_tab][vc_accordion_tab title=&#8221;Operasyon ne kadar s\u00fcrer?&#8221;][vc_column_text]Operasyon, sa\u00e7 ekimi yap\u0131lacak b\u00f6lgenin b\u00fcy\u00fckl\u00fc\u011f\u00fc, cilt yap\u0131s\u0131, sa\u00e7 karakteristi\u011fi, uygulanan teknik gibi fakt\u00f6rlere ba\u011fl\u0131 olarak yakla\u015f\u0131k 4\u20136 saat aras\u0131nda s\u00fcrmektedir.[\/vc_column_text][\/vc_accordion_tab][vc_accordion_tab title=&#8221;Ac\u0131 ya da a\u011fr\u0131 hissedilir mi?&#8221;][vc_column_text]Sa\u00e7 ekimi, lokal anesteziyle ger\u00e7ekle\u015ftirilen bir operasyondur. \u0130\u015flem s\u0131ras\u0131nda kesinlikle ac\u0131 ya da a\u011fr\u0131 hissedilmez.<br \/>\n[\/vc_column_text][\/vc_accordion_tab][vc_accordion_tab title=&#8221;Hangi tekni\u011fi tavsiye edersiniz?&#8221;][vc_column_text]Kullan\u0131lacak tekniklerin genel-ge\u00e7er kurallar\u0131 yoktur, sizin sa\u00e7 ve cilt tipinize g\u00f6re belirlenir. Operasyon \u00f6ncesi \u00f6n g\u00f6r\u00fc\u015fme s\u0131ras\u0131nda tekni\u011fe karar verilir ve neden o tekni\u011fin se\u00e7ildi\u011fi detayl\u0131 bir \u015fekilde a\u00e7\u0131klan\u0131r.<br \/>\n[\/vc_column_text][\/vc_accordion_tab][vc_accordion_tab title=&#8221;Ekilen sa\u00e7lar\u0131n hepsi tutar m\u0131?&#8221;][vc_column_text]Greftlerin (don\u00f6r b\u00f6lgeden al\u0131c\u0131 b\u00f6lgeye nakledilen sa\u00e7 k\u00fcmeleri) haz\u0131rlanmas\u0131, uygun ko\u015fullarda bekletilmesi, do\u011fru tekni\u011fin uygulanmas\u0131, operasyon sonras\u0131 uygun bak\u0131m gibi fakt\u00f6rlerin hepsi yerine getirildi\u011finde sonu\u00e7 %100 ba\u015far\u0131l\u0131 olacakt\u0131r.<br \/>\n[\/vc_column_text][\/vc_accordion_tab][vc_accordion_tab title=&#8221;Ka\u00e7 g\u00fcn sonra d\u0131\u015far\u0131 \u00e7\u0131kabilirim?&#8221;][vc_column_text]Operasyon sandalyesinden kalkt\u0131\u011f\u0131n\u0131z andan itibaren d\u0131\u015far\u0131ya \u00e7\u0131kabilirsiniz. \u0130lk birka\u00e7 g\u00fcn sa\u00e7 diplerinde pembe noktac\u0131klar belirecek olup, bir hafta i\u00e7inde solarak g\u00f6rsel olarak normal hale d\u00f6neceklerdir.<br \/>\n[\/vc_column_text][\/vc_accordion_tab][vc_accordion_tab title=&#8221;Operasyon sonras\u0131 nelere dikkat etmeliyim? Ne zaman banyo yapabilirim?&#8221;][vc_column_text]Bu t\u00fcr bilgiler \u00f6n g\u00f6r\u00fc\u015fme s\u0131ras\u0131nda etrafl\u0131ca anlat\u0131larak akl\u0131n\u0131zdaki t\u00fcm sorular cevapland\u0131r\u0131lacakt\u0131r.<br \/>\n[\/vc_column_text][\/vc_accordion_tab][vc_accordion_tab title=&#8221;Ekilen sa\u00e7lar ne zaman \u00e7\u0131kmaya ba\u015flar?&#8221;][vc_column_text]Operasyondan 3 ay sonra g\u00f6r\u00fcnmeye ba\u015flayan sa\u00e7lar, yakla\u015f\u0131k 6 ay i\u00e7inde normal uzunlu\u011fa ula\u015facakt\u0131r.<br \/>\n[\/vc_column_text][\/vc_accordion_tab][vc_accordion_tab title=&#8221;Sa\u00e7 ektirdi\u011fim belli olur mu?&#8221;][vc_column_text]Deneyimli bir ekip taraf\u0131ndan uygun teknikle ger\u00e7ekle\u015ftirilmi\u015f sa\u00e7 ekiminde, sa\u00e7lar do\u011fal g\u00f6r\u00fcnt\u00fcs\u00fcnde, do\u011fal \u00e7izgisinde ve kendi uzama y\u00f6nlerinde \u00e7\u0131kaca\u011f\u0131 i\u00e7in kesinlikle belli olmaz.<br \/>\n[\/vc_column_text][\/vc_accordion_tab][vc_accordion_tab title=&#8221;Ekilen sa\u00e7lar tekrar d\u00f6k\u00fcl\u00fcr m\u00fc?&#8221;][vc_column_text]Kesinlikle d\u00f6k\u00fclmez. Sa\u00e7 ekiminde don\u00f6r b\u00f6lge olarak kullan\u0131lan yerdeki k\u0131l k\u00f6klerinin genetik karakteristi\u011fi \u00f6m\u00fcr boyu d\u00f6k\u00fclmemesi oldu\u011fu i\u00e7in ekilen sa\u00e7lar\u0131n\u0131z da bir daha asla d\u00f6k\u00fclmeyecektir.<br \/>\n[\/vc_column_text][\/vc_accordion_tab][vc_accordion_tab title=&#8221;Sa\u00e7 ekim operasyonunun fiyat\u0131 nedir?&#8221;][vc_column_text]Operasyonun fiyatland\u0131rmas\u0131, cilt yap\u0131s\u0131, sa\u00e7 karakteristi\u011fi, uygulanacak teknik, ve uygulama yap\u0131lacak b\u00f6lgenin b\u00fcy\u00fckl\u00fc\u011f\u00fcne g\u00f6re yap\u0131lmaktad\u0131r.<br \/>\n[\/vc_column_text][\/vc_accordion_tab][\/vc_accordion][vc_empty_space height=&#8221;20px&#8221;][\/vc_column][\/vc_row]<\/p>\n","protected":false},"excerpt":{"rendered":"<p>[vc_row][vc_column][vc_empty_space height=&#8221;20px&#8221;][vc_custom_heading text=&#8221;UZMANLIKLAR&#8221; font_container=&#8221;tag:h2|text_align:center|color:%23151d29&#8243; use_theme_fonts=&#8221;yes&#8221;][\/vc_column][\/vc_row][vc_row wrap_container=&#8221;yes&#8221; remove_padding_bottom=&#8221;yes&#8221; bg_type=&#8221;bg_color&#8221; bg_color_value=&#8221;#ffffff&#8221; css=&#8221;.vc_custom_1544787113164{background-color: #ffffff !important;}&#8221;][vc_column][vc_row_inner][vc_column_inner width=&#8221;1\/2&#8243;][vc_hoverbox image=&#8221;125&#8243; primary_title=&#8221;Sa\u00e7 Ekimi&#8221; primary_title_font_container=&#8221;color:%23ffffff&#8221; primary_title_use_theme_fonts=&#8221;yes&#8221; hover_title=&#8221;&#8221; hover_background_color=&#8221;custom&#8221; hover_btn_title=&#8221;Devam\u0131&#8230;&#8221; hover_btn_style=&#8221;modern&#8221; hover_btn_color=&#8221;warning&#8221; hover_btn_size=&#8221;lg&#8221; hover_btn_skin=&#8221;light&#8221; use_custom_fonts_primary_title=&#8221;true&#8221; hover_add_button=&#8221;true&#8221; hover_btn_link=&#8221;url:http%3A%2F%2Fsemaonkul.com%2Ftr%2Fuzmanliklar%2Fsac-ekimi%2F|title:Sa%C3%A7%20Ekimi&#8221; primary_title_link=&#8221;url:http%3A%2F%2Fsemaonkul.com%2Ftr%2Fuzmanliklar%2Fsac-ekimi%2F|title:Sa%C3%A7%20Ekimi&#8221; hover_custom_background=&#8221;#ffa603&#8243;]Sa\u00e7 ekim tedavisi s\u0131ras\u0131nda temel ama\u00e7 hastan\u0131n sa\u00e7 ekildi\u011finin belli olmayaca\u011f\u0131 bir do\u011fall\u0131kta kal\u0131c\u0131 sa\u00e7 g\u00f6r\u00fcn\u00fcm\u00fc sa\u011flayacak bir operasyon ger\u00e7ekle\u015ftirmektir.\u00a0 Bu i\u015flem \u00e7ok basit bir cerrahi [&hellip;]<\/p>\n","protected":false},"author":1,"featured_media":0,"parent":0,"menu_order":0,"comment_status":"closed","ping_status":"closed","template":"","meta":{"_joinchat":[],"footnotes":""},"class_list":["post-9","page","type-page","status-publish","hentry"],"_links":{"self":[{"href":"https:\/\/semaonkul.com\/tr\/wp-json\/wp\/v2\/pages\/9","targetHints":{"allow":["GET"]}}],"collection":[{"href":"https:\/\/semaonkul.com\/tr\/wp-json\/wp\/v2\/pages"}],"about":[{"href":"https:\/\/semaonkul.com\/tr\/wp-json\/wp\/v2\/types\/page"}],"author":[{"embeddable":true,"href":"https:\/\/semaonkul.com\/tr\/wp-json\/wp\/v2\/users\/1"}],"replies":[{"embeddable":true,"href":"https:\/\/semaonkul.com\/tr\/wp-json\/wp\/v2\/comments?post=9"}],"version-history":[{"count":0,"href":"https:\/\/semaonkul.com\/tr\/wp-json\/wp\/v2\/pages\/9\/revisions"}],"wp:attachment":[{"href":"https:\/\/semaonkul.com\/tr\/wp-json\/wp\/v2\/media?parent=9"}],"curies":[{"name":"wp","href":"https:\/\/api.w.org\/{rel}","templated":true}]}}