{"id":11,"date":"2021-04-18T12:31:35","date_gmt":"2021-04-18T09:31:35","guid":{"rendered":"http:\/\/semaonkul.com\/tr\/?page_id=11"},"modified":"2021-04-21T11:47:30","modified_gmt":"2021-04-21T08:47:30","slug":"hakkimda","status":"publish","type":"page","link":"https:\/\/semaonkul.com\/tr\/hakkimda\/","title":{"rendered":"Hakk\u0131mda"},"content":{"rendered":"<p>[vc_row][vc_column][vc_column_text]<\/p>\n<p class=\"et_pb_module_header\"><span style=\"font-size: 30px;\"><span style=\"font-size: 36px;\"><b>SEMA \u00d6NK\u00dcL<br \/>\n<\/b><\/span><span style=\"font-size: 26px;\">Sa\u00e7 Ekim Uzman\u0131<\/span><\/span><\/p>\n<hr \/>\n<div>\n<p><img loading=\"lazy\" decoding=\"async\" class=\" wp-image-143 alignright\" src=\"http:\/\/semaonkul.com\/tr\/wp-content\/uploads\/2021\/04\/sema-onkul.png\" alt=\"\" width=\"378\" height=\"473\" \/>1995-1998 y\u0131llar\u0131 aras\u0131nda Brezilya, Almanya, ABD ve \u0130svi\u00e7re\u2019de \u00fcnl\u00fc sa\u00e7 cerrahlar\u0131ndan sa\u00e7 transplantasyonu e\u011fitimi ald\u0131. \u0130stanbul, Ankara ve \u0130zmir\u2019de bir\u00e7ok sa\u00e7 ekim merkezinin kurulu\u015funda dan\u0131\u015fmanl\u0131k yapt\u0131.<\/p>\n<p>1998-2004 y\u0131llar\u0131 aras\u0131nda, orta\u011f\u0131yla birlikte kurdu\u011fu kendi sa\u00e7 ekim merkezinde kariyerine devam etti. 2004 y\u0131l\u0131nda, sa\u00e7 ekim operasyonlar\u0131n\u0131n yaln\u0131zca hastanelerde yap\u0131lmas\u0131n\u0131 \u00f6ng\u00f6ren uygulama nedeniyle sa\u00e7 ekimlerini hastanelerde yapmaya devam etti. 2008 y\u0131l\u0131nda Ac\u0131badem Sa\u011fl\u0131k Grubu\u2019nun yap\u0131s\u0131nda sa\u00e7 ekimi departman\u0131 kurma karar\u0131 sonras\u0131nda Ac\u0131badem Sa\u011fl\u0131k Grubuna kat\u0131ld\u0131.<\/p>\n<p>Sema \u00d6nk\u00fcl,1995 y\u0131l\u0131ndan bu yana 5500-5800 sa\u00e7 ekim operasyonu ger\u00e7ekle\u015ftirmi\u015ftir.\u00a0 Bunlar aras\u0131nda ka\u015f ve b\u0131y\u0131k ekim operasyonlar\u0131 da bulunmaktad\u0131r.<\/p>\n<p>Sema \u00d6nk\u00fcl\u2018\u00fcn hastalar\u0131 T\u00fcrkiye haricinde Suudi Arabistan, Almanya, Hollanda, \u0130svi\u00e7re, Fransa, Libya ve Dubai\u2019den gelmektedir.<\/p>\n<p>2010 senesinde, radyoterapi tedavisi sonucunda sa\u00e7lar\u0131n\u0131n tamam\u0131n\u0131 kaybetmi\u015f 14 ya\u015f\u0131ndaki bir hastada, bacak k\u0131llar\u0131ndan ba\u015fa sa\u00e7 transplantasyonu ger\u00e7ekle\u015ftirmi\u015f olup, bu operasyon bir ilk olma \u00f6zelli\u011fini ta\u015f\u0131maktad\u0131r.<\/p>\n<p>Sema \u00d6nk\u00fcl,\u00a0<a href=\"http:\/\/semaonkul.com\/project\/ishrs\/\">ISHRS\u00a0<\/a>(Uluslararas\u0131 Sa\u00e7 Restorasyon Cerrahisi Derne\u011fi) \u00fcyesidir.<\/p>\n<\/div>\n<p>[\/vc_column_text][\/vc_column][\/vc_row][vc_row][vc_column][vc_custom_heading text=&#8221;<strong>Sertifikalar<\/strong>&#8221; font_container=&#8221;tag:h2|text_align:center&#8221; use_theme_fonts=&#8221;yes&#8221;][\/vc_column][\/vc_row][vc_row][vc_column width=&#8221;1\/4&#8243;][vc_single_image image=&#8221;192&#8243; img_size=&#8221;255&#215;194&#8243; alignment=&#8221;center&#8221; onclick=&#8221;link_image&#8221; label=&#8221;&#8221;][\/vc_column][vc_column width=&#8221;1\/4&#8243;][vc_single_image image=&#8221;193&#8243; img_size=&#8221;255&#215;194&#8243; alignment=&#8221;center&#8221; onclick=&#8221;link_image&#8221; label=&#8221;&#8221;][\/vc_column][vc_column width=&#8221;1\/4&#8243;][vc_single_image image=&#8221;194&#8243; img_size=&#8221;255&#215;194&#8243; alignment=&#8221;center&#8221; onclick=&#8221;link_image&#8221;][\/vc_column][vc_column width=&#8221;1\/4&#8243;][vc_single_image image=&#8221;191&#8243; img_size=&#8221;255&#215;194&#8243; alignment=&#8221;center&#8221; onclick=&#8221;link_image&#8221;][\/vc_column][\/vc_row]<\/p>\n","protected":false},"excerpt":{"rendered":"<p>[vc_row][vc_column][vc_column_text] SEMA \u00d6NK\u00dcL Sa\u00e7 Ekim Uzman\u0131 1995-1998 y\u0131llar\u0131 aras\u0131nda Brezilya, Almanya, ABD ve \u0130svi\u00e7re\u2019de \u00fcnl\u00fc sa\u00e7 cerrahlar\u0131ndan sa\u00e7 transplantasyonu e\u011fitimi ald\u0131. \u0130stanbul, Ankara ve \u0130zmir\u2019de bir\u00e7ok sa\u00e7 ekim merkezinin kurulu\u015funda dan\u0131\u015fmanl\u0131k yapt\u0131. 1998-2004 y\u0131llar\u0131 aras\u0131nda, orta\u011f\u0131yla birlikte kurdu\u011fu kendi sa\u00e7 ekim merkezinde kariyerine devam etti. 2004 y\u0131l\u0131nda, sa\u00e7 ekim operasyonlar\u0131n\u0131n yaln\u0131zca hastanelerde yap\u0131lmas\u0131n\u0131 \u00f6ng\u00f6ren uygulama [&hellip;]<\/p>\n","protected":false},"author":1,"featured_media":0,"parent":0,"menu_order":0,"comment_status":"closed","ping_status":"closed","template":"","meta":{"_joinchat":[],"footnotes":""},"class_list":["post-11","page","type-page","status-publish","hentry"],"_links":{"self":[{"href":"https:\/\/semaonkul.com\/tr\/wp-json\/wp\/v2\/pages\/11","targetHints":{"allow":["GET"]}}],"collection":[{"href":"https:\/\/semaonkul.com\/tr\/wp-json\/wp\/v2\/pages"}],"about":[{"href":"https:\/\/semaonkul.com\/tr\/wp-json\/wp\/v2\/types\/page"}],"author":[{"embeddable":true,"href":"https:\/\/semaonkul.com\/tr\/wp-json\/wp\/v2\/users\/1"}],"replies":[{"embeddable":true,"href":"https:\/\/semaonkul.com\/tr\/wp-json\/wp\/v2\/comments?post=11"}],"version-history":[{"count":0,"href":"https:\/\/semaonkul.com\/tr\/wp-json\/wp\/v2\/pages\/11\/revisions"}],"wp:attachment":[{"href":"https:\/\/semaonkul.com\/tr\/wp-json\/wp\/v2\/media?parent=11"}],"curies":[{"name":"wp","href":"https:\/\/api.w.org\/{rel}","templated":true}]}}